{"id":63,"date":"2025-07-29T07:12:34","date_gmt":"2025-07-29T07:12:34","guid":{"rendered":"https:\/\/alterna.dk\/?page_id=63"},"modified":"2025-08-05T08:09:32","modified_gmt":"2025-08-05T08:09:32","slug":"nyheder","status":"publish","type":"page","link":"https:\/\/alterna.dk\/index.php\/nyheder\/","title":{"rendered":"Nyheder"},"content":{"rendered":"<p>[et_pb_section fb_built=&#8221;1&#8243; fullwidth=&#8221;on&#8221; admin_label=&#8221;Hero Section&#8221; _builder_version=&#8221;4.16&#8243; global_colors_info=&#8221;{}&#8221;][et_pb_fullwidth_header subhead=&#8221;Nyheder&#8221; background_overlay_color=&#8221;rgba(0,0,0,0.8)&#8221; content_max_width=&#8221;550px&#8221; _builder_version=&#8221;4.16&#8243; title_font=&#8221;Poppins|700||on|||||&#8221; title_text_color=&#8221;#edbb5f&#8221; title_font_size=&#8221;14px&#8221; title_letter_spacing=&#8221;2px&#8221; title_line_height=&#8221;1.4em&#8221; content_font=&#8221;Poppins||||||||&#8221; content_font_size=&#8221;16px&#8221; content_letter_spacing=&#8221;1px&#8221; content_line_height=&#8221;2em&#8221; subhead_font=&#8221;Playfair Display|700||on|||||&#8221; subhead_font_size=&#8221;48px&#8221; subhead_letter_spacing=&#8221;3px&#8221; subhead_line_height=&#8221;1.4em&#8221; background_color=&#8221;rgba(255, 255, 255, 0)&#8221; background_image=&#8221;https:\/\/alterna.dk\/wp-content\/uploads\/2025\/07\/consultant-08.jpg&#8221; parallax=&#8221;on&#8221; parallax_method=&#8221;on&#8221; custom_button_one=&#8221;on&#8221; button_one_border_width=&#8221;1px&#8221; button_one_border_color=&#8221;rgba(255,255,255,0.3)&#8221; button_one_border_radius=&#8221;0px&#8221; button_one_letter_spacing=&#8221;1px&#8221; button_one_font=&#8221;Saira Extra Condensed|600||on|||||&#8221; button_one_icon=&#8221;&#x24;||divi||400&#8243; button_one_icon_color=&#8221;#edbb5f&#8221; custom_button_two=&#8221;on&#8221; button_two_border_width=&#8221;1px&#8221; button_two_border_color=&#8221;rgba(255,255,255,0.3)&#8221; button_two_border_radius=&#8221;0px&#8221; button_two_letter_spacing=&#8221;1px&#8221; button_two_font=&#8221;Saira Extra Condensed|600||on|||||&#8221; button_two_icon=&#8221;&#x24;||divi||400&#8243; button_two_icon_color=&#8221;#edbb5f&#8221; module_alignment=&#8221;right&#8221; custom_margin=&#8221;|||&#8221; custom_padding=&#8221;8%||250px|&#8221; button_one_text_color_hover=&#8221;#edbb5f&#8221; button_two_text_color_hover=&#8221;#edbb5f&#8221; button_one_bg_color_hover=&#8221;rgba(0,0,0,0)&#8221; button_two_bg_color_hover=&#8221;rgba(0,0,0,0)&#8221; global_colors_info=&#8221;{}&#8221; button_one_text_size__hover_enabled=&#8221;off&#8221; button_two_text_size__hover_enabled=&#8221;off&#8221; button_one_text_color__hover_enabled=&#8221;on&#8221; button_one_text_color__hover=&#8221;#edbb5f&#8221; button_two_text_color__hover_enabled=&#8221;on&#8221; button_two_text_color__hover=&#8221;#edbb5f&#8221; button_one_border_width__hover_enabled=&#8221;off&#8221; button_two_border_width__hover_enabled=&#8221;off&#8221; button_one_border_color__hover_enabled=&#8221;off&#8221; button_two_border_color__hover_enabled=&#8221;off&#8221; button_one_border_radius__hover_enabled=&#8221;off&#8221; button_two_border_radius__hover_enabled=&#8221;off&#8221; button_one_letter_spacing__hover_enabled=&#8221;off&#8221; button_two_letter_spacing__hover_enabled=&#8221;off&#8221; button_one_bg_color__hover_enabled=&#8221;on&#8221; button_one_bg_color__hover=&#8221;rgba(0,0,0,0)&#8221; button_two_bg_color__hover_enabled=&#8221;on&#8221; button_two_bg_color__hover=&#8221;rgba(0,0,0,0)&#8221;]<\/p>\n<p>Naaaj, h\u00f8r nu! Der er INGEN nyheder i Alterna mere. Kun f\u00e6lles minder, r\u00f8verhistorier og s\u00e5 en hulens masse individer, som hver is\u00e6r bar en vigtig del af Alterna&#8217;s historie og \u00e6refulde ry. Alterna&#8217;er var kendt hos vores kunder for \u00e6rlighed, v\u00e6re seje som st\u00e5ls\u00f8m, og fandme ogs\u00e5 for at v\u00e6re p\u00e6dagogiske og medmenneskelige, hvis det lige kr\u00e6vedes &#8212; hvilket det tit gjorde.<\/p>\n<p>&nbsp;<\/p>\n<p>&nbsp;<\/p>\n<p>&nbsp;<\/p>\n<p>[\/et_pb_fullwidth_header][\/et_pb_section][et_pb_section fb_built=&#8221;1&#8243; admin_label=&#8221;Social Follow&#8221; _builder_version=&#8221;4.16&#8243; custom_padding=&#8221;|0px|100px|0px&#8221; global_colors_info=&#8221;{}&#8221;][\/et_pb_section]<\/p>\n","protected":false},"excerpt":{"rendered":"<p>Naaaj, h\u00f8r nu! Der er INGEN nyheder i Alterna mere. Kun f\u00e6lles minder, r\u00f8verhistorier og s\u00e5 en hulens masse individer, som hver is\u00e6r bar en vigtig del af Alterna&#8217;s historie og \u00e6refulde ry. Alterna&#8217;er var kendt hos vores kunder for \u00e6rlighed, v\u00e6re seje som st\u00e5ls\u00f8m, og fandme ogs\u00e5 for at v\u00e6re p\u00e6dagogiske og medmenneskelige, hvis [&hellip;]<\/p>\n","protected":false},"author":1,"featured_media":0,"parent":0,"menu_order":0,"comment_status":"closed","ping_status":"closed","template":"","meta":{"_et_pb_use_builder":"on","_et_pb_old_content":"","_et_gb_content_width":"","footnotes":""},"class_list":["post-63","page","type-page","status-publish","hentry"],"yoast_head":"<!-- This site is optimized with the Yoast SEO plugin v26.1.1 - https:\/\/yoast.com\/wordpress\/plugins\/seo\/ -->\n<title>Nyheder - Alterna<\/title>\n<meta name=\"robots\" content=\"noindex, follow, max-snippet:-1, max-image-preview:large, max-video-preview:-1\" \/>\n<meta property=\"og:locale\" content=\"da_DK\" \/>\n<meta property=\"og:type\" content=\"article\" \/>\n<meta property=\"og:title\" content=\"Nyheder - Alterna\" \/>\n<meta property=\"og:description\" content=\"Naaaj, h\u00f8r nu! Der er INGEN nyheder i Alterna mere. Kun f\u00e6lles minder, r\u00f8verhistorier og s\u00e5 en hulens masse individer, som hver is\u00e6r bar en vigtig del af Alterna&#039;s historie og \u00e6refulde ry. Alterna&#039;er var kendt hos vores kunder for \u00e6rlighed, v\u00e6re seje som st\u00e5ls\u00f8m, og fandme ogs\u00e5 for at v\u00e6re p\u00e6dagogiske og medmenneskelige, hvis [&hellip;]\" \/>\n<meta property=\"og:url\" content=\"https:\/\/alterna.dk\/index.php\/nyheder\/\" \/>\n<meta property=\"og:site_name\" content=\"Alterna\" \/>\n<meta property=\"article:modified_time\" content=\"2025-08-05T08:09:32+00:00\" \/>\n<meta name=\"twitter:card\" content=\"summary_large_image\" \/>\n<script type=\"application\/ld+json\" class=\"yoast-schema-graph\">{\"@context\":\"https:\/\/schema.org\",\"@graph\":[{\"@type\":\"WebPage\",\"@id\":\"https:\/\/alterna.dk\/index.php\/nyheder\/\",\"url\":\"https:\/\/alterna.dk\/index.php\/nyheder\/\",\"name\":\"Nyheder - Alterna\",\"isPartOf\":{\"@id\":\"https:\/\/alterna.dk\/#website\"},\"datePublished\":\"2025-07-29T07:12:34+00:00\",\"dateModified\":\"2025-08-05T08:09:32+00:00\",\"breadcrumb\":{\"@id\":\"https:\/\/alterna.dk\/index.php\/nyheder\/#breadcrumb\"},\"inLanguage\":\"da-DK\",\"potentialAction\":[{\"@type\":\"ReadAction\",\"target\":[\"https:\/\/alterna.dk\/index.php\/nyheder\/\"]}]},{\"@type\":\"BreadcrumbList\",\"@id\":\"https:\/\/alterna.dk\/index.php\/nyheder\/#breadcrumb\",\"itemListElement\":[{\"@type\":\"ListItem\",\"position\":1,\"name\":\"Hjem\",\"item\":\"https:\/\/alterna.dk\/\"},{\"@type\":\"ListItem\",\"position\":2,\"name\":\"Nyheder\"}]},{\"@type\":\"WebSite\",\"@id\":\"https:\/\/alterna.dk\/#website\",\"url\":\"https:\/\/alterna.dk\/\",\"name\":\"Alterna\",\"description\":\"Bare endnu et WordPress websted\",\"potentialAction\":[{\"@type\":\"SearchAction\",\"target\":{\"@type\":\"EntryPoint\",\"urlTemplate\":\"https:\/\/alterna.dk\/?s={search_term_string}\"},\"query-input\":{\"@type\":\"PropertyValueSpecification\",\"valueRequired\":true,\"valueName\":\"search_term_string\"}}],\"inLanguage\":\"da-DK\"}]}<\/script>\n<!-- \/ Yoast SEO plugin. -->","yoast_head_json":{"title":"Nyheder - Alterna","robots":{"index":"noindex","follow":"follow","max-snippet":"max-snippet:-1","max-image-preview":"max-image-preview:large","max-video-preview":"max-video-preview:-1"},"og_locale":"da_DK","og_type":"article","og_title":"Nyheder - Alterna","og_description":"Naaaj, h\u00f8r nu! Der er INGEN nyheder i Alterna mere. Kun f\u00e6lles minder, r\u00f8verhistorier og s\u00e5 en hulens masse individer, som hver is\u00e6r bar en vigtig del af Alterna's historie og \u00e6refulde ry. Alterna'er var kendt hos vores kunder for \u00e6rlighed, v\u00e6re seje som st\u00e5ls\u00f8m, og fandme ogs\u00e5 for at v\u00e6re p\u00e6dagogiske og medmenneskelige, hvis [&hellip;]","og_url":"https:\/\/alterna.dk\/index.php\/nyheder\/","og_site_name":"Alterna","article_modified_time":"2025-08-05T08:09:32+00:00","twitter_card":"summary_large_image","schema":{"@context":"https:\/\/schema.org","@graph":[{"@type":"WebPage","@id":"https:\/\/alterna.dk\/index.php\/nyheder\/","url":"https:\/\/alterna.dk\/index.php\/nyheder\/","name":"Nyheder - Alterna","isPartOf":{"@id":"https:\/\/alterna.dk\/#website"},"datePublished":"2025-07-29T07:12:34+00:00","dateModified":"2025-08-05T08:09:32+00:00","breadcrumb":{"@id":"https:\/\/alterna.dk\/index.php\/nyheder\/#breadcrumb"},"inLanguage":"da-DK","potentialAction":[{"@type":"ReadAction","target":["https:\/\/alterna.dk\/index.php\/nyheder\/"]}]},{"@type":"BreadcrumbList","@id":"https:\/\/alterna.dk\/index.php\/nyheder\/#breadcrumb","itemListElement":[{"@type":"ListItem","position":1,"name":"Hjem","item":"https:\/\/alterna.dk\/"},{"@type":"ListItem","position":2,"name":"Nyheder"}]},{"@type":"WebSite","@id":"https:\/\/alterna.dk\/#website","url":"https:\/\/alterna.dk\/","name":"Alterna","description":"Bare endnu et WordPress websted","potentialAction":[{"@type":"SearchAction","target":{"@type":"EntryPoint","urlTemplate":"https:\/\/alterna.dk\/?s={search_term_string}"},"query-input":{"@type":"PropertyValueSpecification","valueRequired":true,"valueName":"search_term_string"}}],"inLanguage":"da-DK"}]}},"_links":{"self":[{"href":"https:\/\/alterna.dk\/index.php\/wp-json\/wp\/v2\/pages\/63","targetHints":{"allow":["GET"]}}],"collection":[{"href":"https:\/\/alterna.dk\/index.php\/wp-json\/wp\/v2\/pages"}],"about":[{"href":"https:\/\/alterna.dk\/index.php\/wp-json\/wp\/v2\/types\/page"}],"author":[{"embeddable":true,"href":"https:\/\/alterna.dk\/index.php\/wp-json\/wp\/v2\/users\/1"}],"replies":[{"embeddable":true,"href":"https:\/\/alterna.dk\/index.php\/wp-json\/wp\/v2\/comments?post=63"}],"version-history":[{"count":6,"href":"https:\/\/alterna.dk\/index.php\/wp-json\/wp\/v2\/pages\/63\/revisions"}],"predecessor-version":[{"id":426,"href":"https:\/\/alterna.dk\/index.php\/wp-json\/wp\/v2\/pages\/63\/revisions\/426"}],"wp:attachment":[{"href":"https:\/\/alterna.dk\/index.php\/wp-json\/wp\/v2\/media?parent=63"}],"curies":[{"name":"wp","href":"https:\/\/api.w.org\/{rel}","templated":true}]}}